{"id":10660,"date":"2013-05-05T16:59:35","date_gmt":"2013-05-05T15:59:35","guid":{"rendered":"http:\/\/www.thomasvino.ch\/?page_id=10660"},"modified":"2013-05-05T16:59:35","modified_gmt":"2013-05-05T15:59:35","slug":"erreur","status":"publish","type":"page","link":"https:\/\/thomasvino.ch\/?page_id=10660","title":{"rendered":"Erreur"},"content":{"rendered":"<p>Oups !<\/p>\n<p>Une erreur est survenue et nous n&rsquo;avons pas r\u00e9ussi \u00e0 trouver la page que vous vouliez.<\/p>\n<p>Faites une nouvelle recherche sur le site gr\u00e2ce au formulaire ci-dessous !<\/p>\n","protected":false},"excerpt":{"rendered":"<p>Oups ! Une erreur est survenue et nous n&rsquo;avons pas r\u00e9ussi \u00e0 trouver la page que vous vouliez. Faites une nouvelle recherche sur le site gr\u00e2ce au formulaire ci-dessous !<\/p>\n","protected":false},"author":2,"featured_media":0,"parent":0,"menu_order":0,"comment_status":"open","ping_status":"open","template":"page-search.php","meta":{"_monsterinsights_skip_tracking":false,"_monsterinsights_sitenote_active":false,"_monsterinsights_sitenote_note":"","_monsterinsights_sitenote_category":0,"jetpack_post_was_ever_published":false},"yoast_head":"<!-- This site is optimized with the Yoast SEO plugin v20.6 - https:\/\/yoast.com\/wordpress\/plugins\/seo\/ -->\n<title>Erreur - thomasvino<\/title>\n<meta name=\"robots\" content=\"index, follow, max-snippet:-1, max-image-preview:large, max-video-preview:-1\" \/>\n<link rel=\"canonical\" href=\"https:\/\/thomasvino.ch\/?page_id=10660\" \/>\n<meta property=\"og:locale\" content=\"fr_FR\" \/>\n<meta property=\"og:type\" content=\"article\" \/>\n<meta property=\"og:title\" content=\"Erreur - thomasvino\" \/>\n<meta property=\"og:description\" content=\"Oups ! Une erreur est survenue et nous n&rsquo;avons pas r\u00e9ussi \u00e0 trouver la page que vous vouliez. Faites une nouvelle recherche sur le site gr\u00e2ce au formulaire ci-dessous !\" \/>\n<meta property=\"og:url\" content=\"https:\/\/thomasvino.ch\/?page_id=10660\" \/>\n<meta property=\"og:site_name\" content=\"thomasvino\" \/>\n<script type=\"application\/ld+json\" class=\"yoast-schema-graph\">{\"@context\":\"https:\/\/schema.org\",\"@graph\":[{\"@type\":\"WebPage\",\"@id\":\"https:\/\/thomasvino.ch\/?page_id=10660\",\"url\":\"https:\/\/thomasvino.ch\/?page_id=10660\",\"name\":\"Erreur - thomasvino\",\"isPartOf\":{\"@id\":\"https:\/\/thomasvino.ch\/#website\"},\"datePublished\":\"2013-05-05T15:59:35+00:00\",\"dateModified\":\"2013-05-05T15:59:35+00:00\",\"breadcrumb\":{\"@id\":\"https:\/\/thomasvino.ch\/?page_id=10660#breadcrumb\"},\"inLanguage\":\"fr-FR\",\"potentialAction\":[{\"@type\":\"ReadAction\",\"target\":[\"https:\/\/thomasvino.ch\/?page_id=10660\"]}]},{\"@type\":\"BreadcrumbList\",\"@id\":\"https:\/\/thomasvino.ch\/?page_id=10660#breadcrumb\",\"itemListElement\":[{\"@type\":\"ListItem\",\"position\":1,\"name\":\"Accueil\",\"item\":\"https:\/\/thomasvino.ch\/\"},{\"@type\":\"ListItem\",\"position\":2,\"name\":\"Erreur\"}]},{\"@type\":\"WebSite\",\"@id\":\"https:\/\/thomasvino.ch\/#website\",\"url\":\"https:\/\/thomasvino.ch\/\",\"name\":\"thomasvino\",\"description\":\"Vins &amp; Gastronomie\",\"potentialAction\":[{\"@type\":\"SearchAction\",\"target\":{\"@type\":\"EntryPoint\",\"urlTemplate\":\"https:\/\/thomasvino.ch\/?s={search_term_string}\"},\"query-input\":\"required name=search_term_string\"}],\"inLanguage\":\"fr-FR\"}]}<\/script>\n<!-- \/ Yoast SEO plugin. -->","yoast_head_json":{"title":"Erreur - thomasvino","robots":{"index":"index","follow":"follow","max-snippet":"max-snippet:-1","max-image-preview":"max-image-preview:large","max-video-preview":"max-video-preview:-1"},"canonical":"https:\/\/thomasvino.ch\/?page_id=10660","og_locale":"fr_FR","og_type":"article","og_title":"Erreur - thomasvino","og_description":"Oups ! Une erreur est survenue et nous n&rsquo;avons pas r\u00e9ussi \u00e0 trouver la page que vous vouliez. Faites une nouvelle recherche sur le site gr\u00e2ce au formulaire ci-dessous !","og_url":"https:\/\/thomasvino.ch\/?page_id=10660","og_site_name":"thomasvino","schema":{"@context":"https:\/\/schema.org","@graph":[{"@type":"WebPage","@id":"https:\/\/thomasvino.ch\/?page_id=10660","url":"https:\/\/thomasvino.ch\/?page_id=10660","name":"Erreur - thomasvino","isPartOf":{"@id":"https:\/\/thomasvino.ch\/#website"},"datePublished":"2013-05-05T15:59:35+00:00","dateModified":"2013-05-05T15:59:35+00:00","breadcrumb":{"@id":"https:\/\/thomasvino.ch\/?page_id=10660#breadcrumb"},"inLanguage":"fr-FR","potentialAction":[{"@type":"ReadAction","target":["https:\/\/thomasvino.ch\/?page_id=10660"]}]},{"@type":"BreadcrumbList","@id":"https:\/\/thomasvino.ch\/?page_id=10660#breadcrumb","itemListElement":[{"@type":"ListItem","position":1,"name":"Accueil","item":"https:\/\/thomasvino.ch\/"},{"@type":"ListItem","position":2,"name":"Erreur"}]},{"@type":"WebSite","@id":"https:\/\/thomasvino.ch\/#website","url":"https:\/\/thomasvino.ch\/","name":"thomasvino","description":"Vins &amp; Gastronomie","potentialAction":[{"@type":"SearchAction","target":{"@type":"EntryPoint","urlTemplate":"https:\/\/thomasvino.ch\/?s={search_term_string}"},"query-input":"required name=search_term_string"}],"inLanguage":"fr-FR"}]}},"jetpack_sharing_enabled":true,"jetpack_shortlink":"https:\/\/wp.me\/P3m4tZ-2LW","jetpack_likes_enabled":false,"jetpack-related-posts":[{"id":10139,"url":"https:\/\/thomasvino.ch\/?page_id=10139","url_meta":{"origin":10660,"position":0},"title":"Recherche","date":"15 mars 2013","format":false,"excerpt":"Vous pouvez faire une recherche sur le site en entrant des mots-cl\u00e9 dans le champ ci-dessous, et en sp\u00e9cifiant si n\u00e9cessaire les cat\u00e9gories \u00a0ou la date.","rel":"","context":"Article similaire","img":{"alt_text":"","src":"","width":0,"height":0},"classes":[]},{"id":67,"url":"https:\/\/thomasvino.ch\/?page_id=67","url_meta":{"origin":10660,"position":1},"title":"FAQ","date":"9 f\u00e9vrier 2013","format":false,"excerpt":"","rel":"","context":"Article similaire","img":{"alt_text":"","src":"","width":0,"height":0},"classes":[]},{"id":21,"url":"https:\/\/thomasvino.ch\/?page_id=21","url_meta":{"origin":10660,"position":2},"title":"Qui est Pierre Thomas? Faits et dates","date":"9 f\u00e9vrier 2013","format":false,"excerpt":"Journaliste, \u00e9crivain du vin et d\u00e9gustateur \u00a0 Pierre Thomas A 70 ans, j'ai renonc\u00e9 \u00e0 la plupart de mes mandats, gardant la ma\u00eetrise de ce site Internet, qu'il continue d'enrichir librement, en fonction de ses envies et d\u00e9couvertes. Et \u00e0 animer, en fonction de th\u00e8mes repris et d\u00e9velopp\u00e9s. Je passe\u2026","rel":"","context":"Article similaire","img":{"alt_text":"","src":"https:\/\/i0.wp.com\/www.thomasvino.ch\/img\/jean-nic_meo121109.jpg?resize=350%2C200","width":350,"height":200},"classes":[]},{"id":68,"url":"https:\/\/thomasvino.ch\/?page_id=68","url_meta":{"origin":10660,"position":3},"title":"Les livres sur le vin de Pierre Thomas","date":"9 f\u00e9vrier 2013","format":false,"excerpt":"\u00ab 111 vins suisses \u00e0 ne pas manquer \u00bb emons: (Cologne\/Allemagne), 2\u00e8me \u00e9dition janvier 2022 \u00a0ISBN 978-3-7408-1291-1 Un guide qui s'attache \u00e0 montrer la grande diversit\u00e9 des vins suisses (c\u00e9pages et terroirs), la f\u00e9minisation des encaveuses, et la modernit\u00e9 de la viticulture, notamment bio et biodynamiques. https:\/\/emons-verlag.de\/p\/111-vins-suisses-a-ne-pas-manquer-5863 Le vin pratique\u2026","rel":"","context":"Article similaire","img":{"alt_text":"","src":"","width":0,"height":0},"classes":[]}],"_links":{"self":[{"href":"https:\/\/thomasvino.ch\/index.php?rest_route=\/wp\/v2\/pages\/10660"}],"collection":[{"href":"https:\/\/thomasvino.ch\/index.php?rest_route=\/wp\/v2\/pages"}],"about":[{"href":"https:\/\/thomasvino.ch\/index.php?rest_route=\/wp\/v2\/types\/page"}],"author":[{"embeddable":true,"href":"https:\/\/thomasvino.ch\/index.php?rest_route=\/wp\/v2\/users\/2"}],"replies":[{"embeddable":true,"href":"https:\/\/thomasvino.ch\/index.php?rest_route=%2Fwp%2Fv2%2Fcomments&post=10660"}],"version-history":[{"count":0,"href":"https:\/\/thomasvino.ch\/index.php?rest_route=\/wp\/v2\/pages\/10660\/revisions"}],"wp:attachment":[{"href":"https:\/\/thomasvino.ch\/index.php?rest_route=%2Fwp%2Fv2%2Fmedia&parent=10660"}],"curies":[{"name":"wp","href":"https:\/\/api.w.org\/{rel}","templated":true}]}}