{"id":18,"date":"2018-04-01T09:42:35","date_gmt":"2018-04-01T08:42:35","guid":{"rendered":"http:\/\/www.thomasvino.ch\/wp\/?page_id=2"},"modified":"2020-10-12T16:59:27","modified_gmt":"2020-10-12T15:59:27","slug":"accueil","status":"publish","type":"page","link":"https:\/\/thomasvino.ch\/","title":{"rendered":"Accueil"},"content":{"rendered":"<h1>CETTE PAGE DOIT RESTER VIDE<\/h1>\n<p>Pour cr\u00e9er un nouvel \u00e9dito, il faut cr\u00e9er un nouvel article, et le placer dans la cat\u00e9gorie \u00ab\u00a0Edito\u00a0\u00bb.<\/p>\n<p>Le dernier \u00e9dito de statut \u00ab\u00a0publi\u00e9\u00a0\u00bb en date s&rsquo;affichera automatiquement sur la page d&rsquo;accueil.<\/p>\n<p>Mots-cl\u00e9 SEO :<\/p>\n<h2>Pierre Thomas<\/h2>\n<p>Vins, journaliste sp\u00e9cialis\u00e9, suisse, europe, asie, usa<\/p>\n","protected":false},"excerpt":{"rendered":"<p>CETTE PAGE DOIT RESTER VIDE Pour cr\u00e9er un nouvel \u00e9dito, il faut cr\u00e9er un nouvel article, et le placer dans la cat\u00e9gorie \u00ab\u00a0Edito\u00a0\u00bb. Le dernier \u00e9dito de statut \u00ab\u00a0publi\u00e9\u00a0\u00bb en date s&rsquo;affichera automatiquement sur la page d&rsquo;accueil. Mots-cl\u00e9 SEO : Pierre Thomas Vins, journaliste sp\u00e9cialis\u00e9, suisse, europe, asie, usa<\/p>\n","protected":false},"author":2,"featured_media":0,"parent":0,"menu_order":0,"comment_status":"closed","ping_status":"closed","template":"accueil.php","meta":{"_monsterinsights_skip_tracking":false,"_monsterinsights_sitenote_active":false,"_monsterinsights_sitenote_note":"","_monsterinsights_sitenote_category":0,"jetpack_post_was_ever_published":false},"yoast_head":"<!-- This site is optimized with the Yoast SEO plugin v20.6 - https:\/\/yoast.com\/wordpress\/plugins\/seo\/ -->\n<title>thomasvino.ch - Pierre Thomas, journaliste sp\u00e9cialis\u00e9 en vins<\/title>\n<meta name=\"description\" content=\"Retrouvez tous les articles \u00e9crits par Pierre Thomas depuis 2005, \u00e0 propos du vin en Suisse, en Europe, dans le Nouveau Monde et en Asie.\" \/>\n<meta name=\"robots\" content=\"index, follow, max-snippet:-1, max-image-preview:large, max-video-preview:-1\" \/>\n<link rel=\"canonical\" href=\"https:\/\/thomasvino.ch\/\" \/>\n<meta property=\"og:locale\" content=\"fr_FR\" \/>\n<meta property=\"og:type\" content=\"article\" \/>\n<meta property=\"og:title\" content=\"thomasvino.ch - Pierre Thomas, journaliste sp\u00e9cialis\u00e9 en vins\" \/>\n<meta property=\"og:description\" content=\"Lisez l&#039;article gratuitement sur le site de Pierre Thomas en suivant ce lien !\" \/>\n<meta property=\"og:url\" content=\"https:\/\/thomasvino.ch\/\" \/>\n<meta property=\"og:site_name\" content=\"thomasvino\" \/>\n<meta property=\"article:modified_time\" content=\"2020-10-12T15:59:27+00:00\" \/>\n<script type=\"application\/ld+json\" class=\"yoast-schema-graph\">{\"@context\":\"https:\/\/schema.org\",\"@graph\":[{\"@type\":\"WebPage\",\"@id\":\"https:\/\/thomasvino.ch\/\",\"url\":\"https:\/\/thomasvino.ch\/\",\"name\":\"thomasvino.ch - Pierre Thomas, journaliste sp\u00e9cialis\u00e9 en vins\",\"isPartOf\":{\"@id\":\"https:\/\/thomasvino.ch\/#website\"},\"datePublished\":\"2018-04-01T08:42:35+00:00\",\"dateModified\":\"2020-10-12T15:59:27+00:00\",\"description\":\"Retrouvez tous les articles \u00e9crits par Pierre Thomas depuis 2005, \u00e0 propos du vin en Suisse, en Europe, dans le Nouveau Monde et en Asie.\",\"breadcrumb\":{\"@id\":\"https:\/\/thomasvino.ch\/#breadcrumb\"},\"inLanguage\":\"fr-FR\",\"potentialAction\":[{\"@type\":\"ReadAction\",\"target\":[\"https:\/\/thomasvino.ch\/\"]}]},{\"@type\":\"BreadcrumbList\",\"@id\":\"https:\/\/thomasvino.ch\/#breadcrumb\",\"itemListElement\":[{\"@type\":\"ListItem\",\"position\":1,\"name\":\"Accueil\",\"item\":\"https:\/\/thomasvino.ch\/\"},{\"@type\":\"ListItem\",\"position\":2,\"name\":\"Accueil\"}]},{\"@type\":\"WebSite\",\"@id\":\"https:\/\/thomasvino.ch\/#website\",\"url\":\"https:\/\/thomasvino.ch\/\",\"name\":\"thomasvino\",\"description\":\"Vins &amp; Gastronomie\",\"potentialAction\":[{\"@type\":\"SearchAction\",\"target\":{\"@type\":\"EntryPoint\",\"urlTemplate\":\"https:\/\/thomasvino.ch\/?s={search_term_string}\"},\"query-input\":\"required name=search_term_string\"}],\"inLanguage\":\"fr-FR\"}]}<\/script>\n<!-- \/ Yoast SEO plugin. -->","yoast_head_json":{"title":"thomasvino.ch - Pierre Thomas, journaliste sp\u00e9cialis\u00e9 en vins","description":"Retrouvez tous les articles \u00e9crits par Pierre Thomas depuis 2005, \u00e0 propos du vin en Suisse, en Europe, dans le Nouveau Monde et en Asie.","robots":{"index":"index","follow":"follow","max-snippet":"max-snippet:-1","max-image-preview":"max-image-preview:large","max-video-preview":"max-video-preview:-1"},"canonical":"https:\/\/thomasvino.ch\/","og_locale":"fr_FR","og_type":"article","og_title":"thomasvino.ch - Pierre Thomas, journaliste sp\u00e9cialis\u00e9 en vins","og_description":"Lisez l'article gratuitement sur le site de Pierre Thomas en suivant ce lien !","og_url":"https:\/\/thomasvino.ch\/","og_site_name":"thomasvino","article_modified_time":"2020-10-12T15:59:27+00:00","schema":{"@context":"https:\/\/schema.org","@graph":[{"@type":"WebPage","@id":"https:\/\/thomasvino.ch\/","url":"https:\/\/thomasvino.ch\/","name":"thomasvino.ch - Pierre Thomas, journaliste sp\u00e9cialis\u00e9 en vins","isPartOf":{"@id":"https:\/\/thomasvino.ch\/#website"},"datePublished":"2018-04-01T08:42:35+00:00","dateModified":"2020-10-12T15:59:27+00:00","description":"Retrouvez tous les articles \u00e9crits par Pierre Thomas depuis 2005, \u00e0 propos du vin en Suisse, en Europe, dans le Nouveau Monde et en Asie.","breadcrumb":{"@id":"https:\/\/thomasvino.ch\/#breadcrumb"},"inLanguage":"fr-FR","potentialAction":[{"@type":"ReadAction","target":["https:\/\/thomasvino.ch\/"]}]},{"@type":"BreadcrumbList","@id":"https:\/\/thomasvino.ch\/#breadcrumb","itemListElement":[{"@type":"ListItem","position":1,"name":"Accueil","item":"https:\/\/thomasvino.ch\/"},{"@type":"ListItem","position":2,"name":"Accueil"}]},{"@type":"WebSite","@id":"https:\/\/thomasvino.ch\/#website","url":"https:\/\/thomasvino.ch\/","name":"thomasvino","description":"Vins &amp; Gastronomie","potentialAction":[{"@type":"SearchAction","target":{"@type":"EntryPoint","urlTemplate":"https:\/\/thomasvino.ch\/?s={search_term_string}"},"query-input":"required name=search_term_string"}],"inLanguage":"fr-FR"}]}},"jetpack_sharing_enabled":true,"jetpack_shortlink":"https:\/\/wp.me\/P3m4tZ-i","jetpack_likes_enabled":false,"jetpack-related-posts":[],"_links":{"self":[{"href":"https:\/\/thomasvino.ch\/index.php?rest_route=\/wp\/v2\/pages\/18"}],"collection":[{"href":"https:\/\/thomasvino.ch\/index.php?rest_route=\/wp\/v2\/pages"}],"about":[{"href":"https:\/\/thomasvino.ch\/index.php?rest_route=\/wp\/v2\/types\/page"}],"author":[{"embeddable":true,"href":"https:\/\/thomasvino.ch\/index.php?rest_route=\/wp\/v2\/users\/2"}],"replies":[{"embeddable":true,"href":"https:\/\/thomasvino.ch\/index.php?rest_route=%2Fwp%2Fv2%2Fcomments&post=18"}],"version-history":[{"count":1,"href":"https:\/\/thomasvino.ch\/index.php?rest_route=\/wp\/v2\/pages\/18\/revisions"}],"predecessor-version":[{"id":16875,"href":"https:\/\/thomasvino.ch\/index.php?rest_route=\/wp\/v2\/pages\/18\/revisions\/16875"}],"wp:attachment":[{"href":"https:\/\/thomasvino.ch\/index.php?rest_route=%2Fwp%2Fv2%2Fmedia&parent=18"}],"curies":[{"name":"wp","href":"https:\/\/api.w.org\/{rel}","templated":true}]}}