{"id":68,"date":"2013-02-09T19:56:46","date_gmt":"2013-02-09T18:56:46","guid":{"rendered":"http:\/\/www.thomasvino.ch\/wp\/?page_id=21"},"modified":"2023-07-28T09:57:42","modified_gmt":"2023-07-28T08:57:42","slug":"mes-livres","status":"publish","type":"page","link":"https:\/\/thomasvino.ch\/?page_id=68","title":{"rendered":"Les livres sur le vin de Pierre Thomas"},"content":{"rendered":"<h1>\u00ab 111 vins suisses \u00e0 ne pas manquer \u00bb<\/h1>\n<p><strong>emons: (Cologne\/Allemagne), 2\u00e8me \u00e9dition janvier 2022 \u00a0ISBN 978-3-7408-1291-1<\/strong><\/p>\n<p><a href=\"https:\/\/thomasvino.ch\/?attachment_id=18127\" rel=\"attachment wp-att-18127\"><img data-attachment-id=\"18127\" data-permalink=\"https:\/\/thomasvino.ch\/?attachment_id=18127\" data-orig-file=\"https:\/\/i0.wp.com\/thomasvino.ch\/wp-content\/uploads\/2023\/04\/CH111_mini_coverF-copie.jpeg?fit=255%2C388&amp;ssl=1\" data-orig-size=\"255,388\" data-comments-opened=\"0\" data-image-meta=\"{&quot;aperture&quot;:&quot;0&quot;,&quot;credit&quot;:&quot;&quot;,&quot;camera&quot;:&quot;&quot;,&quot;caption&quot;:&quot;&quot;,&quot;created_timestamp&quot;:&quot;1611853678&quot;,&quot;copyright&quot;:&quot;&quot;,&quot;focal_length&quot;:&quot;0&quot;,&quot;iso&quot;:&quot;0&quot;,&quot;shutter_speed&quot;:&quot;0&quot;,&quot;title&quot;:&quot;&quot;,&quot;orientation&quot;:&quot;1&quot;}\" data-image-title=\"CH111_mini_coverF &#8211; copie\" data-image-description=\"\" data-image-caption=\"\" data-medium-file=\"https:\/\/i0.wp.com\/thomasvino.ch\/wp-content\/uploads\/2023\/04\/CH111_mini_coverF-copie.jpeg?fit=197%2C300&amp;ssl=1\" data-large-file=\"https:\/\/i0.wp.com\/thomasvino.ch\/wp-content\/uploads\/2023\/04\/CH111_mini_coverF-copie.jpeg?fit=255%2C388&amp;ssl=1\" loading=\"lazy\" class=\"alignleft size-medium wp-image-18127\" src=\"https:\/\/i0.wp.com\/thomasvino.ch\/wp-content\/uploads\/2023\/04\/CH111_mini_coverF-copie.jpeg?resize=197%2C300&#038;ssl=1\" alt=\"\" width=\"197\" height=\"300\" srcset=\"https:\/\/i0.wp.com\/thomasvino.ch\/wp-content\/uploads\/2023\/04\/CH111_mini_coverF-copie.jpeg?resize=197%2C300&amp;ssl=1 197w, https:\/\/i0.wp.com\/thomasvino.ch\/wp-content\/uploads\/2023\/04\/CH111_mini_coverF-copie.jpeg?w=255&amp;ssl=1 255w\" sizes=\"(max-width: 197px) 100vw, 197px\" data-recalc-dims=\"1\" \/><\/a><\/p>\n<p><em>Un guide qui s&rsquo;attache \u00e0 montrer la grande diversit\u00e9 des vins suisses (c\u00e9pages et terroirs), la f\u00e9minisation des encaveuses, et la modernit\u00e9 de la viticulture, notamment bio et biodynamiques.<\/em><\/p>\n<p><a href=\"https:\/\/emons-verlag.de\/p\/111-vins-suisses-a-ne-pas-manquer-5863\">https:\/\/emons-verlag.de\/p\/111-vins-suisses-a-ne-pas-manquer-5863<\/a><\/p>\n<h1><\/h1>\n<h1><\/h1>\n<h1><\/h1>\n<h1>Le vin pratique<\/h1>\n<h2>\u00abMieux le conna\u00eetre pour mieux l&rsquo;appr\u00e9cier\u00bb, 132 pages<\/h2>\n<p><a href=\"https:\/\/i0.wp.com\/www.thomasvino.ch\/wp-content\/uploads\/2013\/02\/cover_vinpratique.jpg\"><img data-attachment-id=\"10611\" data-permalink=\"https:\/\/thomasvino.ch\/?attachment_id=10611\" data-orig-file=\"https:\/\/i0.wp.com\/thomasvino.ch\/wp-content\/uploads\/2013\/02\/cover_vinpratique.jpg?fit=128%2C188&amp;ssl=1\" data-orig-size=\"128,188\" data-comments-opened=\"1\" data-image-meta=\"{&quot;aperture&quot;:&quot;0&quot;,&quot;credit&quot;:&quot;&quot;,&quot;camera&quot;:&quot;&quot;,&quot;caption&quot;:&quot;&quot;,&quot;created_timestamp&quot;:&quot;0&quot;,&quot;copyright&quot;:&quot;&quot;,&quot;focal_length&quot;:&quot;0&quot;,&quot;iso&quot;:&quot;0&quot;,&quot;shutter_speed&quot;:&quot;0&quot;,&quot;title&quot;:&quot;&quot;}\" data-image-title=\"cover_vinpratique\" data-image-description=\"\" data-image-caption=\"\" data-medium-file=\"https:\/\/i0.wp.com\/thomasvino.ch\/wp-content\/uploads\/2013\/02\/cover_vinpratique.jpg?fit=128%2C188&amp;ssl=1\" data-large-file=\"https:\/\/i0.wp.com\/thomasvino.ch\/wp-content\/uploads\/2013\/02\/cover_vinpratique.jpg?fit=128%2C188&amp;ssl=1\" loading=\"lazy\" class=\"size-full wp-image-10611 alignleft\" src=\"https:\/\/i0.wp.com\/www.thomasvino.ch\/wp-content\/uploads\/2013\/02\/cover_vinpratique.jpg?resize=128%2C188\" alt=\"cover_vinpratique\" width=\"128\" height=\"188\" data-recalc-dims=\"1\" \/><\/a><\/p>\n<p>Tout Compte Fait, Editions Plus, Lausanne, 2012, ISBN 978-3-909676-45-3<\/p>\n<p><a href=\"http:\/\/www.toutcomptefait.ch\/librairie.php?offset=0&amp;id=915998\" target=\"_blank\" rel=\"noopener\">www.toutcomptefait.ch<\/a><\/p>\n<h1><\/h1>\n<h1><\/h1>\n<h1>Vignobles suisses<\/h1>\n<h2>Photographies de R\u00e9gis Colombo, 224 pages<\/h2>\n<p><a href=\"https:\/\/i0.wp.com\/www.thomasvino.ch\/wp-content\/uploads\/2013\/02\/cover_vignobles_suisses.jpg\"><img data-attachment-id=\"10612\" data-permalink=\"https:\/\/thomasvino.ch\/?attachment_id=10612\" data-orig-file=\"https:\/\/i0.wp.com\/thomasvino.ch\/wp-content\/uploads\/2013\/02\/cover_vignobles_suisses.jpg?fit=120%2C120&amp;ssl=1\" data-orig-size=\"120,120\" data-comments-opened=\"1\" data-image-meta=\"{&quot;aperture&quot;:&quot;0&quot;,&quot;credit&quot;:&quot;&quot;,&quot;camera&quot;:&quot;&quot;,&quot;caption&quot;:&quot;&quot;,&quot;created_timestamp&quot;:&quot;0&quot;,&quot;copyright&quot;:&quot;&quot;,&quot;focal_length&quot;:&quot;0&quot;,&quot;iso&quot;:&quot;0&quot;,&quot;shutter_speed&quot;:&quot;0&quot;,&quot;title&quot;:&quot;&quot;}\" data-image-title=\"cover_vignobles_suisses\" data-image-description=\"\" data-image-caption=\"\" data-medium-file=\"https:\/\/i0.wp.com\/thomasvino.ch\/wp-content\/uploads\/2013\/02\/cover_vignobles_suisses.jpg?fit=120%2C120&amp;ssl=1\" data-large-file=\"https:\/\/i0.wp.com\/thomasvino.ch\/wp-content\/uploads\/2013\/02\/cover_vignobles_suisses.jpg?fit=120%2C120&amp;ssl=1\" loading=\"lazy\" class=\"size-full wp-image-10612 alignleft\" src=\"https:\/\/i0.wp.com\/www.thomasvino.ch\/wp-content\/uploads\/2013\/02\/cover_vignobles_suisses.jpg?resize=120%2C120\" alt=\"cover_vignobles_suisses\" width=\"120\" height=\"120\" srcset=\"https:\/\/i0.wp.com\/thomasvino.ch\/wp-content\/uploads\/2013\/02\/cover_vignobles_suisses.jpg?w=120&amp;ssl=1 120w, https:\/\/i0.wp.com\/thomasvino.ch\/wp-content\/uploads\/2013\/02\/cover_vignobles_suisses.jpg?resize=37%2C37&amp;ssl=1 37w\" sizes=\"(max-width: 120px) 100vw, 120px\" data-recalc-dims=\"1\" \/><\/a><\/p>\n<p><em>Prix E. de Rothschild du meilleur livre sur les vins publi\u00e9 en Suisse <\/em><\/p>\n<p><em>Prix OIV \u00abMonographie et \u00e9tudes sp\u00e9cialis\u00e9es \u00e0 caract\u00e8re promotionnel\u00bb<\/em><\/p>\n<p><em>Prix de photographie du Gourmand World Book<\/em><\/p>\n<p>Editions Favre SA, Lausanne, 2003, ISBN 2-8289-0748-1 <a href=\"http:\/\/www.editionsfavre.com\/info.php?isbn=2-8289-0748-1\" target=\"_blank\" rel=\"noopener\">www.editionsfavre.com<\/a><\/p>\n<p><a href=\"http:\/\/www.editionsfavre.com\/info.php?isbn=2-8289-0748-1\" target=\"_blank\" rel=\"noopener\">\u00a0<\/a><\/p>\n<h1>Guide des vignerons<\/h1>\n<h2>Suisse romande, 170 portraits et adresses, 1500 vins d\u00e9crits<\/h2>\n<p><a href=\"https:\/\/i0.wp.com\/www.thomasvino.ch\/wp-content\/uploads\/2013\/02\/cover_guidevigne24h.jpg\"><img data-attachment-id=\"10614\" data-permalink=\"https:\/\/thomasvino.ch\/?attachment_id=10614\" data-orig-file=\"https:\/\/i0.wp.com\/thomasvino.ch\/wp-content\/uploads\/2013\/02\/cover_guidevigne24h.jpg?fit=1757%2C3004&amp;ssl=1\" data-orig-size=\"1757,3004\" data-comments-opened=\"1\" data-image-meta=\"{&quot;aperture&quot;:&quot;2.4&quot;,&quot;credit&quot;:&quot;&quot;,&quot;camera&quot;:&quot;iPhone 4S&quot;,&quot;caption&quot;:&quot;&quot;,&quot;created_timestamp&quot;:&quot;1366667017&quot;,&quot;copyright&quot;:&quot;&quot;,&quot;focal_length&quot;:&quot;4.28&quot;,&quot;iso&quot;:&quot;800&quot;,&quot;shutter_speed&quot;:&quot;0.066666666666667&quot;,&quot;title&quot;:&quot;&quot;}\" data-image-title=\"cover_guidevigne24h\" data-image-description=\"\" data-image-caption=\"\" data-medium-file=\"https:\/\/i0.wp.com\/thomasvino.ch\/wp-content\/uploads\/2013\/02\/cover_guidevigne24h.jpg?fit=175%2C300&amp;ssl=1\" data-large-file=\"https:\/\/i0.wp.com\/thomasvino.ch\/wp-content\/uploads\/2013\/02\/cover_guidevigne24h.jpg?fit=598%2C1024&amp;ssl=1\" loading=\"lazy\" class=\"wp-image-10614 alignleft\" src=\"https:\/\/i0.wp.com\/www.thomasvino.ch\/wp-content\/uploads\/2013\/02\/cover_guidevigne24h-175x300.jpg?resize=73%2C126\" alt=\"cover_guidevigne24h\" width=\"73\" height=\"126\" srcset=\"https:\/\/i0.wp.com\/thomasvino.ch\/wp-content\/uploads\/2013\/02\/cover_guidevigne24h.jpg?resize=175%2C300&amp;ssl=1 175w, https:\/\/i0.wp.com\/thomasvino.ch\/wp-content\/uploads\/2013\/02\/cover_guidevigne24h.jpg?resize=598%2C1024&amp;ssl=1 598w, https:\/\/i0.wp.com\/thomasvino.ch\/wp-content\/uploads\/2013\/02\/cover_guidevigne24h.jpg?w=1757&amp;ssl=1 1757w\" sizes=\"(max-width: 73px) 100vw, 73px\" data-recalc-dims=\"1\" \/><\/a><\/p>\n<p><em>Prix du jury, Ch\u00e2teau de Ch\u00e2tagn\u00e9r\u00e9az (Confr\u00e9rie du Guillon)<br \/>\n<\/em><\/p>\n<p><em>24 Heures<\/em>, 1998, ISBN 2-8265-1123-8<\/p>\n<p>&nbsp;<\/p>\n<p>&nbsp;<\/p>\n<p>&nbsp;<\/p>\n<h1>abc<\/h1>\n<h2>\u00abA Bernard Cav\u00e9, des vins, une passion\u00bb<\/h2>\n<p><a href=\"https:\/\/i0.wp.com\/www.thomasvino.ch\/wp-content\/uploads\/2013\/02\/cover_abc.jpg\"><img data-attachment-id=\"10613\" data-permalink=\"https:\/\/thomasvino.ch\/?attachment_id=10613\" data-orig-file=\"https:\/\/i0.wp.com\/thomasvino.ch\/wp-content\/uploads\/2013\/02\/cover_abc.jpg?fit=1572%2C3036&amp;ssl=1\" data-orig-size=\"1572,3036\" data-comments-opened=\"1\" data-image-meta=\"{&quot;aperture&quot;:&quot;2.4&quot;,&quot;credit&quot;:&quot;&quot;,&quot;camera&quot;:&quot;iPhone 4S&quot;,&quot;caption&quot;:&quot;&quot;,&quot;created_timestamp&quot;:&quot;1366666980&quot;,&quot;copyright&quot;:&quot;&quot;,&quot;focal_length&quot;:&quot;4.28&quot;,&quot;iso&quot;:&quot;800&quot;,&quot;shutter_speed&quot;:&quot;0.066666666666667&quot;,&quot;title&quot;:&quot;&quot;}\" data-image-title=\"cover_abc\" data-image-description=\"\" data-image-caption=\"\" data-medium-file=\"https:\/\/i0.wp.com\/thomasvino.ch\/wp-content\/uploads\/2013\/02\/cover_abc.jpg?fit=155%2C300&amp;ssl=1\" data-large-file=\"https:\/\/i0.wp.com\/thomasvino.ch\/wp-content\/uploads\/2013\/02\/cover_abc.jpg?fit=530%2C1024&amp;ssl=1\" loading=\"lazy\" class=\"wp-image-10613 alignleft\" src=\"https:\/\/i0.wp.com\/www.thomasvino.ch\/wp-content\/uploads\/2013\/02\/cover_abc-155x300.jpg?resize=93%2C180\" alt=\"cover_abc\" width=\"93\" height=\"180\" srcset=\"https:\/\/i0.wp.com\/thomasvino.ch\/wp-content\/uploads\/2013\/02\/cover_abc.jpg?resize=155%2C300&amp;ssl=1 155w, https:\/\/i0.wp.com\/thomasvino.ch\/wp-content\/uploads\/2013\/02\/cover_abc.jpg?resize=530%2C1024&amp;ssl=1 530w, https:\/\/i0.wp.com\/thomasvino.ch\/wp-content\/uploads\/2013\/02\/cover_abc.jpg?w=1572&amp;ssl=1 1572w\" sizes=\"(max-width: 93px) 100vw, 93px\" data-recalc-dims=\"1\" \/><\/a> NK Editions Lonay, 2005, 1105 3SRO<\/p>\n<p>(<em>hors commerce<\/em>)<\/p>\n","protected":false},"excerpt":{"rendered":"<p>\u00ab 111 vins suisses \u00e0 ne pas manquer \u00bb emons: (Cologne\/Allemagne), 2\u00e8me \u00e9dition janvier 2022 \u00a0ISBN 978-3-7408-1291-1 Un guide qui s&rsquo;attache \u00e0 montrer la grande diversit\u00e9 des vins suisses (c\u00e9pages et terroirs), la f\u00e9minisation des encaveuses, et la modernit\u00e9 de la viticulture, notamment bio et biodynamiques. https:\/\/emons-verlag.de\/p\/111-vins-suisses-a-ne-pas-manquer-5863 Le vin pratique \u00abMieux le conna\u00eetre pour mieux [&hellip;]<\/p>\n","protected":false},"author":2,"featured_media":0,"parent":18,"menu_order":0,"comment_status":"closed","ping_status":"closed","template":"","meta":{"_monsterinsights_skip_tracking":false,"_monsterinsights_sitenote_active":false,"_monsterinsights_sitenote_note":"","_monsterinsights_sitenote_category":0,"jetpack_post_was_ever_published":false},"yoast_head":"<!-- This site is optimized with the Yoast SEO plugin v20.6 - https:\/\/yoast.com\/wordpress\/plugins\/seo\/ -->\n<title>Les livres sur le vin de Pierre Thomas - thomasvino<\/title>\n<meta name=\"robots\" content=\"index, follow, max-snippet:-1, max-image-preview:large, max-video-preview:-1\" \/>\n<link rel=\"canonical\" href=\"https:\/\/thomasvino.ch\/?page_id=68\" \/>\n<meta property=\"og:locale\" content=\"fr_FR\" \/>\n<meta property=\"og:type\" content=\"article\" \/>\n<meta property=\"og:title\" content=\"Les livres sur le vin de Pierre Thomas - thomasvino\" \/>\n<meta property=\"og:description\" content=\"\u00ab 111 vins suisses \u00e0 ne pas manquer \u00bb emons: (Cologne\/Allemagne), 2\u00e8me \u00e9dition janvier 2022 \u00a0ISBN 978-3-7408-1291-1 Un guide qui s&rsquo;attache \u00e0 montrer la grande diversit\u00e9 des vins suisses (c\u00e9pages et terroirs), la f\u00e9minisation des encaveuses, et la modernit\u00e9 de la viticulture, notamment bio et biodynamiques. https:\/\/emons-verlag.de\/p\/111-vins-suisses-a-ne-pas-manquer-5863 Le vin pratique \u00abMieux le conna\u00eetre pour mieux [&hellip;]\" \/>\n<meta property=\"og:url\" content=\"https:\/\/thomasvino.ch\/?page_id=68\" \/>\n<meta property=\"og:site_name\" content=\"thomasvino\" \/>\n<meta property=\"article:modified_time\" content=\"2023-07-28T08:57:42+00:00\" \/>\n<meta property=\"og:image\" content=\"https:\/\/thomasvino.ch\/wp-content\/uploads\/2023\/04\/CH111_mini_coverF-copie-197x300.jpeg\" \/>\n<meta name=\"twitter:label1\" content=\"Dur\u00e9e de lecture estim\u00e9e\" \/>\n\t<meta name=\"twitter:data1\" content=\"2 minutes\" \/>\n<script type=\"application\/ld+json\" class=\"yoast-schema-graph\">{\"@context\":\"https:\/\/schema.org\",\"@graph\":[{\"@type\":\"WebPage\",\"@id\":\"https:\/\/thomasvino.ch\/?page_id=68\",\"url\":\"https:\/\/thomasvino.ch\/?page_id=68\",\"name\":\"Les livres sur le vin de Pierre Thomas - thomasvino\",\"isPartOf\":{\"@id\":\"https:\/\/thomasvino.ch\/#website\"},\"datePublished\":\"2013-02-09T18:56:46+00:00\",\"dateModified\":\"2023-07-28T08:57:42+00:00\",\"breadcrumb\":{\"@id\":\"https:\/\/thomasvino.ch\/?page_id=68#breadcrumb\"},\"inLanguage\":\"fr-FR\",\"potentialAction\":[{\"@type\":\"ReadAction\",\"target\":[\"https:\/\/thomasvino.ch\/?page_id=68\"]}]},{\"@type\":\"BreadcrumbList\",\"@id\":\"https:\/\/thomasvino.ch\/?page_id=68#breadcrumb\",\"itemListElement\":[{\"@type\":\"ListItem\",\"position\":1,\"name\":\"Accueil\",\"item\":\"https:\/\/thomasvino.ch\/\"},{\"@type\":\"ListItem\",\"position\":2,\"name\":\"Accueil\",\"item\":\"https:\/\/thomasvino.ch\/\"},{\"@type\":\"ListItem\",\"position\":3,\"name\":\"Les livres sur le vin de Pierre Thomas\"}]},{\"@type\":\"WebSite\",\"@id\":\"https:\/\/thomasvino.ch\/#website\",\"url\":\"https:\/\/thomasvino.ch\/\",\"name\":\"thomasvino\",\"description\":\"Vins &amp; Gastronomie\",\"potentialAction\":[{\"@type\":\"SearchAction\",\"target\":{\"@type\":\"EntryPoint\",\"urlTemplate\":\"https:\/\/thomasvino.ch\/?s={search_term_string}\"},\"query-input\":\"required name=search_term_string\"}],\"inLanguage\":\"fr-FR\"}]}<\/script>\n<!-- \/ Yoast SEO plugin. -->","yoast_head_json":{"title":"Les livres sur le vin de Pierre Thomas - thomasvino","robots":{"index":"index","follow":"follow","max-snippet":"max-snippet:-1","max-image-preview":"max-image-preview:large","max-video-preview":"max-video-preview:-1"},"canonical":"https:\/\/thomasvino.ch\/?page_id=68","og_locale":"fr_FR","og_type":"article","og_title":"Les livres sur le vin de Pierre Thomas - thomasvino","og_description":"\u00ab 111 vins suisses \u00e0 ne pas manquer \u00bb emons: (Cologne\/Allemagne), 2\u00e8me \u00e9dition janvier 2022 \u00a0ISBN 978-3-7408-1291-1 Un guide qui s&rsquo;attache \u00e0 montrer la grande diversit\u00e9 des vins suisses (c\u00e9pages et terroirs), la f\u00e9minisation des encaveuses, et la modernit\u00e9 de la viticulture, notamment bio et biodynamiques. https:\/\/emons-verlag.de\/p\/111-vins-suisses-a-ne-pas-manquer-5863 Le vin pratique \u00abMieux le conna\u00eetre pour mieux [&hellip;]","og_url":"https:\/\/thomasvino.ch\/?page_id=68","og_site_name":"thomasvino","article_modified_time":"2023-07-28T08:57:42+00:00","og_image":[{"url":"https:\/\/thomasvino.ch\/wp-content\/uploads\/2023\/04\/CH111_mini_coverF-copie-197x300.jpeg"}],"twitter_misc":{"Dur\u00e9e de lecture estim\u00e9e":"2 minutes"},"schema":{"@context":"https:\/\/schema.org","@graph":[{"@type":"WebPage","@id":"https:\/\/thomasvino.ch\/?page_id=68","url":"https:\/\/thomasvino.ch\/?page_id=68","name":"Les livres sur le vin de Pierre Thomas - thomasvino","isPartOf":{"@id":"https:\/\/thomasvino.ch\/#website"},"datePublished":"2013-02-09T18:56:46+00:00","dateModified":"2023-07-28T08:57:42+00:00","breadcrumb":{"@id":"https:\/\/thomasvino.ch\/?page_id=68#breadcrumb"},"inLanguage":"fr-FR","potentialAction":[{"@type":"ReadAction","target":["https:\/\/thomasvino.ch\/?page_id=68"]}]},{"@type":"BreadcrumbList","@id":"https:\/\/thomasvino.ch\/?page_id=68#breadcrumb","itemListElement":[{"@type":"ListItem","position":1,"name":"Accueil","item":"https:\/\/thomasvino.ch\/"},{"@type":"ListItem","position":2,"name":"Accueil","item":"https:\/\/thomasvino.ch\/"},{"@type":"ListItem","position":3,"name":"Les livres sur le vin de Pierre Thomas"}]},{"@type":"WebSite","@id":"https:\/\/thomasvino.ch\/#website","url":"https:\/\/thomasvino.ch\/","name":"thomasvino","description":"Vins &amp; Gastronomie","potentialAction":[{"@type":"SearchAction","target":{"@type":"EntryPoint","urlTemplate":"https:\/\/thomasvino.ch\/?s={search_term_string}"},"query-input":"required name=search_term_string"}],"inLanguage":"fr-FR"}]}},"jetpack_sharing_enabled":true,"jetpack_shortlink":"https:\/\/wp.me\/P3m4tZ-16","jetpack_likes_enabled":false,"jetpack-related-posts":[{"id":21,"url":"https:\/\/thomasvino.ch\/?page_id=21","url_meta":{"origin":68,"position":0},"title":"Qui est Pierre Thomas? Faits et dates","date":"9 f\u00e9vrier 2013","format":false,"excerpt":"Journaliste, \u00e9crivain du vin et d\u00e9gustateur \u00a0 Pierre Thomas A 70 ans, j'ai renonc\u00e9 \u00e0 la plupart de mes mandats, gardant la ma\u00eetrise de ce site Internet, qu'il continue d'enrichir librement, en fonction de ses envies et d\u00e9couvertes. Et \u00e0 animer, en fonction de th\u00e8mes repris et d\u00e9velopp\u00e9s. Je passe\u2026","rel":"","context":"Article similaire","img":{"alt_text":"","src":"https:\/\/i0.wp.com\/www.thomasvino.ch\/img\/jean-nic_meo121109.jpg?resize=350%2C200","width":350,"height":200},"classes":[]},{"id":67,"url":"https:\/\/thomasvino.ch\/?page_id=67","url_meta":{"origin":68,"position":1},"title":"FAQ","date":"9 f\u00e9vrier 2013","format":false,"excerpt":"","rel":"","context":"Article similaire","img":{"alt_text":"","src":"","width":0,"height":0},"classes":[]},{"id":70,"url":"https:\/\/thomasvino.ch\/?page_id=70","url_meta":{"origin":68,"position":2},"title":"Liens","date":"9 f\u00e9vrier 2013","format":false,"excerpt":"\u00a0","rel":"","context":"Article similaire","img":{"alt_text":"","src":"","width":0,"height":0},"classes":[]},{"id":18,"url":"https:\/\/thomasvino.ch\/","url_meta":{"origin":68,"position":3},"title":"Accueil","date":"1 avril 2018","format":false,"excerpt":"CETTE PAGE DOIT RESTER VIDE Pour cr\u00e9er un nouvel \u00e9dito, il faut cr\u00e9er un nouvel article, et le placer dans la cat\u00e9gorie \"Edito\". Le dernier \u00e9dito de statut \"publi\u00e9\" en date s'affichera automatiquement sur la page d'accueil. Mots-cl\u00e9 SEO : Pierre Thomas Vins, journaliste sp\u00e9cialis\u00e9, suisse, europe, asie, usa","rel":"","context":"Article similaire","img":{"alt_text":"","src":"","width":0,"height":0},"classes":[]},{"id":10660,"url":"https:\/\/thomasvino.ch\/?page_id=10660","url_meta":{"origin":68,"position":4},"title":"Erreur","date":"5 mai 2013","format":false,"excerpt":"Oups ! Une erreur est survenue et nous n'avons pas r\u00e9ussi \u00e0 trouver la page que vous vouliez. Faites une nouvelle recherche sur le site gr\u00e2ce au formulaire ci-dessous !","rel":"","context":"Article similaire","img":{"alt_text":"","src":"","width":0,"height":0},"classes":[]},{"id":10139,"url":"https:\/\/thomasvino.ch\/?page_id=10139","url_meta":{"origin":68,"position":5},"title":"Recherche","date":"15 mars 2013","format":false,"excerpt":"Vous pouvez faire une recherche sur le site en entrant des mots-cl\u00e9 dans le champ ci-dessous, et en sp\u00e9cifiant si n\u00e9cessaire les cat\u00e9gories \u00a0ou la date.","rel":"","context":"Article similaire","img":{"alt_text":"","src":"","width":0,"height":0},"classes":[]}],"_links":{"self":[{"href":"https:\/\/thomasvino.ch\/index.php?rest_route=\/wp\/v2\/pages\/68"}],"collection":[{"href":"https:\/\/thomasvino.ch\/index.php?rest_route=\/wp\/v2\/pages"}],"about":[{"href":"https:\/\/thomasvino.ch\/index.php?rest_route=\/wp\/v2\/types\/page"}],"author":[{"embeddable":true,"href":"https:\/\/thomasvino.ch\/index.php?rest_route=\/wp\/v2\/users\/2"}],"replies":[{"embeddable":true,"href":"https:\/\/thomasvino.ch\/index.php?rest_route=%2Fwp%2Fv2%2Fcomments&post=68"}],"version-history":[{"count":3,"href":"https:\/\/thomasvino.ch\/index.php?rest_route=\/wp\/v2\/pages\/68\/revisions"}],"predecessor-version":[{"id":18263,"href":"https:\/\/thomasvino.ch\/index.php?rest_route=\/wp\/v2\/pages\/68\/revisions\/18263"}],"up":[{"embeddable":true,"href":"https:\/\/thomasvino.ch\/index.php?rest_route=\/wp\/v2\/pages\/18"}],"wp:attachment":[{"href":"https:\/\/thomasvino.ch\/index.php?rest_route=%2Fwp%2Fv2%2Fmedia&parent=68"}],"curies":[{"name":"wp","href":"https:\/\/api.w.org\/{rel}","templated":true}]}}